{"id":17,"date":"2021-03-17T19:56:41","date_gmt":"2021-03-17T18:56:41","guid":{"rendered":"http:\/\/localhost\/velodelouest\/?page_id=17"},"modified":"2024-05-04T12:12:51","modified_gmt":"2024-05-04T10:12:51","slug":"velos-d-occasions-montalivet-gironde","status":"publish","type":"page","link":"https:\/\/lesvelosdelouest.fr\/en_uk\/velos-d-occasions-montalivet-gironde\/","title":{"rendered":"Our uses bikes"},"content":{"rendered":"<p class=\"has-text-align-center\">These bikes are beautiful and they are maintained by professionals.\nIt is possible to get one of these blue bikes, with or without white points.\nBefore the sale, the bike will be completely overhauled, tested and approved by one of our technicians.<br>Here are the available models:<\/p>","protected":false},"excerpt":{"rendered":"<p>Ils sont beaux ces v\u00e9los ! Il est possible de faire partie de la team des v\u00e9los bleu, \u00e0 pois ou pas en achetant des v\u00e9los d&rsquo;occasions \u00e0 Montalivet. Nos techniciens entretiennent quotidiennement le mat\u00e9riel afin de maintenir nos \u00e9quipements de bonne qualit\u00e9. Avant la vente, l&rsquo;un de nos techniciens effectuera une r\u00e9vision compl\u00e8te ainsi [&hellip;]<\/p>","protected":false},"author":1,"featured_media":132,"parent":0,"menu_order":0,"comment_status":"closed","ping_status":"closed","template":"","meta":{"footnotes":""},"class_list":["post-17","page","type-page","status-publish","has-post-thumbnail","hentry"],"acf":[],"yoast_head":"<!-- This site is optimized with the Yoast SEO plugin v21.2 - https:\/\/yoast.com\/wordpress\/plugins\/seo\/ -->\n<title>V\u00e9los d&#039;occasions \u00e0 Montalivet - Gironde - Les v\u00e9los de l&#039;Ouest<\/title>\n<meta name=\"description\" content=\"Retrouvez nos v\u00e9los d&#039;occasions \u00e0 Montalivet. Mat\u00e9riel enti\u00e8rement r\u00e9vis\u00e9, remis \u00e0 neuf par nos techniciens. Plusieurs mod\u00e8les disponibles.\" \/>\n<meta name=\"robots\" content=\"index, follow, max-snippet:-1, max-image-preview:large, max-video-preview:-1\" \/>\n<link rel=\"canonical\" href=\"https:\/\/lesvelosdelouest.fr\/en_uk\/velos-d-occasions-montalivet-gironde\/\" \/>\n<meta property=\"og:locale\" content=\"en_GB\" \/>\n<meta property=\"og:type\" content=\"article\" \/>\n<meta property=\"og:title\" content=\"V\u00e9los d&#039;occasions \u00e0 Montalivet - Gironde - Les v\u00e9los de l&#039;Ouest\" \/>\n<meta property=\"og:description\" content=\"Retrouvez nos v\u00e9los d&#039;occasions \u00e0 Montalivet. Mat\u00e9riel enti\u00e8rement r\u00e9vis\u00e9, remis \u00e0 neuf par nos techniciens. Plusieurs mod\u00e8les disponibles.\" \/>\n<meta property=\"og:url\" content=\"https:\/\/lesvelosdelouest.fr\/en_uk\/velos-d-occasions-montalivet-gironde\/\" \/>\n<meta property=\"og:site_name\" content=\"Les v\u00e9los de l&#039;Ouest\" \/>\n<meta property=\"article:publisher\" content=\"https:\/\/www.facebook.com\/Les-V%c3%a9los-de-lOuest-103625508488732\" \/>\n<meta property=\"article:modified_time\" content=\"2024-05-04T10:12:51+00:00\" \/>\n<meta property=\"og:image\" content=\"https:\/\/lesvelosdelouest.fr\/wp-content\/uploads\/2021\/04\/header_occasions-1024x413.png\" \/>\n\t<meta property=\"og:image:width\" content=\"1024\" \/>\n\t<meta property=\"og:image:height\" content=\"413\" \/>\n\t<meta property=\"og:image:type\" content=\"image\/png\" \/>\n<meta name=\"twitter:card\" content=\"summary_large_image\" \/>\n<meta name=\"twitter:label1\" content=\"Estimated reading time\" \/>\n\t<meta name=\"twitter:data1\" content=\"1 minute\" \/>\n<script type=\"application\/ld+json\" class=\"yoast-schema-graph\">{\"@context\":\"https:\/\/schema.org\",\"@graph\":[{\"@type\":\"WebPage\",\"@id\":\"https:\/\/lesvelosdelouest.fr\/velos-d-occasions-montalivet-gironde\/\",\"url\":\"https:\/\/lesvelosdelouest.fr\/velos-d-occasions-montalivet-gironde\/\",\"name\":\"V\u00e9los d'occasions \u00e0 Montalivet - Gironde - Les v\u00e9los de l&#039;Ouest\",\"isPartOf\":{\"@id\":\"https:\/\/lesvelosdelouest.fr\/#website\"},\"datePublished\":\"2021-03-17T18:56:41+00:00\",\"dateModified\":\"2024-05-04T10:12:51+00:00\",\"description\":\"Retrouvez nos v\u00e9los d'occasions \u00e0 Montalivet. Mat\u00e9riel enti\u00e8rement r\u00e9vis\u00e9, remis \u00e0 neuf par nos techniciens. Plusieurs mod\u00e8les disponibles.\",\"breadcrumb\":{\"@id\":\"https:\/\/lesvelosdelouest.fr\/velos-d-occasions-montalivet-gironde\/#breadcrumb\"},\"inLanguage\":\"en-GB\",\"potentialAction\":[{\"@type\":\"ReadAction\",\"target\":[\"https:\/\/lesvelosdelouest.fr\/velos-d-occasions-montalivet-gironde\/\"]}]},{\"@type\":\"BreadcrumbList\",\"@id\":\"https:\/\/lesvelosdelouest.fr\/velos-d-occasions-montalivet-gironde\/#breadcrumb\",\"itemListElement\":[{\"@type\":\"ListItem\",\"position\":1,\"name\":\"Accueil\",\"item\":\"https:\/\/lesvelosdelouest.fr\/\"},{\"@type\":\"ListItem\",\"position\":2,\"name\":\"Nos v\u00e9los d&rsquo;occasions\"}]},{\"@type\":\"WebSite\",\"@id\":\"https:\/\/lesvelosdelouest.fr\/#website\",\"url\":\"https:\/\/lesvelosdelouest.fr\/\",\"name\":\"Les v\u00e9los de l&#039;Ouest\",\"description\":\"Location de v\u00e9los \u00e0 Montalivet, Gironde\",\"publisher\":{\"@id\":\"https:\/\/lesvelosdelouest.fr\/#organization\"},\"potentialAction\":[{\"@type\":\"SearchAction\",\"target\":{\"@type\":\"EntryPoint\",\"urlTemplate\":\"https:\/\/lesvelosdelouest.fr\/?s={search_term_string}\"},\"query-input\":\"required name=search_term_string\"}],\"inLanguage\":\"en-GB\"},{\"@type\":\"Organization\",\"@id\":\"https:\/\/lesvelosdelouest.fr\/#organization\",\"name\":\"Les v\u00e9los de l'Ouest\",\"url\":\"https:\/\/lesvelosdelouest.fr\/\",\"logo\":{\"@type\":\"ImageObject\",\"inLanguage\":\"en-GB\",\"@id\":\"https:\/\/lesvelosdelouest.fr\/#\/schema\/logo\/image\/\",\"url\":\"https:\/\/lesvelosdelouest.fr\/wp-content\/uploads\/2021\/03\/logo-contact.png\",\"contentUrl\":\"https:\/\/lesvelosdelouest.fr\/wp-content\/uploads\/2021\/03\/logo-contact.png\",\"width\":301,\"height\":301,\"caption\":\"Les v\u00e9los de l'Ouest\"},\"image\":{\"@id\":\"https:\/\/lesvelosdelouest.fr\/#\/schema\/logo\/image\/\"},\"sameAs\":[\"https:\/\/www.facebook.com\/Les-V\u00e9los-de-lOuest-103625508488732\"]}]}<\/script>\n<!-- \/ Yoast SEO plugin. -->","yoast_head_json":{"title":"V\u00e9los d'occasions \u00e0 Montalivet - Gironde - Les v\u00e9los de l&#039;Ouest","description":"Retrouvez nos v\u00e9los d'occasions \u00e0 Montalivet. Mat\u00e9riel enti\u00e8rement r\u00e9vis\u00e9, remis \u00e0 neuf par nos techniciens. Plusieurs mod\u00e8les disponibles.","robots":{"index":"index","follow":"follow","max-snippet":"max-snippet:-1","max-image-preview":"max-image-preview:large","max-video-preview":"max-video-preview:-1"},"canonical":"https:\/\/lesvelosdelouest.fr\/en_uk\/velos-d-occasions-montalivet-gironde\/","og_locale":"en_GB","og_type":"article","og_title":"V\u00e9los d'occasions \u00e0 Montalivet - Gironde - Les v\u00e9los de l&#039;Ouest","og_description":"Retrouvez nos v\u00e9los d'occasions \u00e0 Montalivet. Mat\u00e9riel enti\u00e8rement r\u00e9vis\u00e9, remis \u00e0 neuf par nos techniciens. Plusieurs mod\u00e8les disponibles.","og_url":"https:\/\/lesvelosdelouest.fr\/en_uk\/velos-d-occasions-montalivet-gironde\/","og_site_name":"Les v\u00e9los de l&#039;Ouest","article_publisher":"https:\/\/www.facebook.com\/Les-V%c3%a9los-de-lOuest-103625508488732","article_modified_time":"2024-05-04T10:12:51+00:00","og_image":[{"width":1024,"height":413,"url":"https:\/\/lesvelosdelouest.fr\/wp-content\/uploads\/2021\/04\/header_occasions-1024x413.png","type":"image\/png"}],"twitter_card":"summary_large_image","twitter_misc":{"Estimated reading time":"1 minute"},"schema":{"@context":"https:\/\/schema.org","@graph":[{"@type":"WebPage","@id":"https:\/\/lesvelosdelouest.fr\/velos-d-occasions-montalivet-gironde\/","url":"https:\/\/lesvelosdelouest.fr\/velos-d-occasions-montalivet-gironde\/","name":"V\u00e9los d'occasions \u00e0 Montalivet - Gironde - Les v\u00e9los de l&#039;Ouest","isPartOf":{"@id":"https:\/\/lesvelosdelouest.fr\/#website"},"datePublished":"2021-03-17T18:56:41+00:00","dateModified":"2024-05-04T10:12:51+00:00","description":"Retrouvez nos v\u00e9los d'occasions \u00e0 Montalivet. Mat\u00e9riel enti\u00e8rement r\u00e9vis\u00e9, remis \u00e0 neuf par nos techniciens. Plusieurs mod\u00e8les disponibles.","breadcrumb":{"@id":"https:\/\/lesvelosdelouest.fr\/velos-d-occasions-montalivet-gironde\/#breadcrumb"},"inLanguage":"en-GB","potentialAction":[{"@type":"ReadAction","target":["https:\/\/lesvelosdelouest.fr\/velos-d-occasions-montalivet-gironde\/"]}]},{"@type":"BreadcrumbList","@id":"https:\/\/lesvelosdelouest.fr\/velos-d-occasions-montalivet-gironde\/#breadcrumb","itemListElement":[{"@type":"ListItem","position":1,"name":"Accueil","item":"https:\/\/lesvelosdelouest.fr\/"},{"@type":"ListItem","position":2,"name":"Nos v\u00e9los d&rsquo;occasions"}]},{"@type":"WebSite","@id":"https:\/\/lesvelosdelouest.fr\/#website","url":"https:\/\/lesvelosdelouest.fr\/","name":"Les v\u00e9los de l&#039;Ouest","description":"Location de v\u00e9los \u00e0 Montalivet, Gironde","publisher":{"@id":"https:\/\/lesvelosdelouest.fr\/#organization"},"potentialAction":[{"@type":"SearchAction","target":{"@type":"EntryPoint","urlTemplate":"https:\/\/lesvelosdelouest.fr\/?s={search_term_string}"},"query-input":"required name=search_term_string"}],"inLanguage":"en-GB"},{"@type":"Organization","@id":"https:\/\/lesvelosdelouest.fr\/#organization","name":"Les v\u00e9los de l'Ouest","url":"https:\/\/lesvelosdelouest.fr\/","logo":{"@type":"ImageObject","inLanguage":"en-GB","@id":"https:\/\/lesvelosdelouest.fr\/#\/schema\/logo\/image\/","url":"https:\/\/lesvelosdelouest.fr\/wp-content\/uploads\/2021\/03\/logo-contact.png","contentUrl":"https:\/\/lesvelosdelouest.fr\/wp-content\/uploads\/2021\/03\/logo-contact.png","width":301,"height":301,"caption":"Les v\u00e9los de l'Ouest"},"image":{"@id":"https:\/\/lesvelosdelouest.fr\/#\/schema\/logo\/image\/"},"sameAs":["https:\/\/www.facebook.com\/Les-V\u00e9los-de-lOuest-103625508488732"]}]}},"_links":{"self":[{"href":"https:\/\/lesvelosdelouest.fr\/en_uk\/wp-json\/wp\/v2\/pages\/17","targetHints":{"allow":["GET"]}}],"collection":[{"href":"https:\/\/lesvelosdelouest.fr\/en_uk\/wp-json\/wp\/v2\/pages"}],"about":[{"href":"https:\/\/lesvelosdelouest.fr\/en_uk\/wp-json\/wp\/v2\/types\/page"}],"author":[{"embeddable":true,"href":"https:\/\/lesvelosdelouest.fr\/en_uk\/wp-json\/wp\/v2\/users\/1"}],"replies":[{"embeddable":true,"href":"https:\/\/lesvelosdelouest.fr\/en_uk\/wp-json\/wp\/v2\/comments?post=17"}],"version-history":[{"count":52,"href":"https:\/\/lesvelosdelouest.fr\/en_uk\/wp-json\/wp\/v2\/pages\/17\/revisions"}],"predecessor-version":[{"id":709,"href":"https:\/\/lesvelosdelouest.fr\/en_uk\/wp-json\/wp\/v2\/pages\/17\/revisions\/709"}],"wp:featuredmedia":[{"embeddable":true,"href":"https:\/\/lesvelosdelouest.fr\/en_uk\/wp-json\/wp\/v2\/media\/132"}],"wp:attachment":[{"href":"https:\/\/lesvelosdelouest.fr\/en_uk\/wp-json\/wp\/v2\/media?parent=17"}],"curies":[{"name":"wp","href":"https:\/\/api.w.org\/{rel}","templated":true}]}}