{"id":13,"date":"2021-03-17T19:56:16","date_gmt":"2021-03-17T18:56:16","guid":{"rendered":"http:\/\/localhost\/velodelouest\/?page_id=13"},"modified":"2026-02-19T04:28:33","modified_gmt":"2026-02-19T03:28:33","slug":"location-de-velos-montalivet-accueil","status":"publish","type":"page","link":"https:\/\/lesvelosdelouest.fr\/en_uk\/","title":{"rendered":"Home"},"content":{"rendered":"","protected":false},"excerpt":{"rendered":"","protected":false},"author":1,"featured_media":0,"parent":0,"menu_order":0,"comment_status":"closed","ping_status":"closed","template":"","meta":{"footnotes":""},"class_list":["post-13","page","type-page","status-publish","hentry"],"acf":[],"yoast_head":"<!-- This site is optimized with the Yoast SEO plugin v21.2 - https:\/\/yoast.com\/wordpress\/plugins\/seo\/ -->\n<title>Accueil - Location de v\u00e9los \u00e0 Montalivet, Gironde - Les v\u00e9los de l&#039;Ouest<\/title>\n<meta name=\"description\" content=\"Accueil - Location de v\u00e9los \u00e0 Montalivet. \u00c0 partir de 8\u20ac d\u00e9couvrez la Gironde \u00e0 v\u00e9lo en famille ou entre amis sur les pistes cyclables de la r\u00e9gion.\" \/>\n<meta name=\"robots\" content=\"index, follow, max-snippet:-1, max-image-preview:large, max-video-preview:-1\" \/>\n<link rel=\"canonical\" href=\"https:\/\/lesvelosdelouest.fr\/en_uk\/\" \/>\n<meta property=\"og:locale\" content=\"en_GB\" \/>\n<meta property=\"og:type\" content=\"article\" \/>\n<meta property=\"og:title\" content=\"Accueil - Location de v\u00e9los \u00e0 Montalivet, Gironde - Les v\u00e9los de l&#039;Ouest\" \/>\n<meta property=\"og:description\" content=\"Accueil - Location de v\u00e9los \u00e0 Montalivet. \u00c0 partir de 8\u20ac d\u00e9couvrez la Gironde \u00e0 v\u00e9lo en famille ou entre amis sur les pistes cyclables de la r\u00e9gion.\" \/>\n<meta property=\"og:url\" content=\"https:\/\/lesvelosdelouest.fr\/en_uk\/\" \/>\n<meta property=\"og:site_name\" content=\"Les v\u00e9los de l&#039;Ouest\" \/>\n<meta property=\"article:publisher\" content=\"https:\/\/www.facebook.com\/Les-V%c3%a9los-de-lOuest-103625508488732\" \/>\n<meta property=\"article:modified_time\" content=\"2026-02-19T03:28:33+00:00\" \/>\n<meta property=\"og:image\" content=\"https:\/\/lesvelosdelouest.fr\/wp-content\/uploads\/2021\/03\/logo-contact.png\" \/>\n\t<meta property=\"og:image:width\" content=\"301\" \/>\n\t<meta property=\"og:image:height\" content=\"301\" \/>\n\t<meta property=\"og:image:type\" content=\"image\/png\" \/>\n<meta name=\"twitter:card\" content=\"summary_large_image\" \/>\n<script type=\"application\/ld+json\" class=\"yoast-schema-graph\">{\"@context\":\"https:\/\/schema.org\",\"@graph\":[{\"@type\":\"WebPage\",\"@id\":\"https:\/\/lesvelosdelouest.fr\/\",\"url\":\"https:\/\/lesvelosdelouest.fr\/\",\"name\":\"Accueil - Location de v\u00e9los \u00e0 Montalivet, Gironde - Les v\u00e9los de l&#039;Ouest\",\"isPartOf\":{\"@id\":\"https:\/\/lesvelosdelouest.fr\/#website\"},\"datePublished\":\"2021-03-17T18:56:16+00:00\",\"dateModified\":\"2026-02-19T03:28:33+00:00\",\"description\":\"Accueil - Location de v\u00e9los \u00e0 Montalivet. \u00c0 partir de 8\u20ac d\u00e9couvrez la Gironde \u00e0 v\u00e9lo en famille ou entre amis sur les pistes cyclables de la r\u00e9gion.\",\"breadcrumb\":{\"@id\":\"https:\/\/lesvelosdelouest.fr\/#breadcrumb\"},\"inLanguage\":\"en-GB\",\"potentialAction\":[{\"@type\":\"ReadAction\",\"target\":[\"https:\/\/lesvelosdelouest.fr\/\"]}]},{\"@type\":\"BreadcrumbList\",\"@id\":\"https:\/\/lesvelosdelouest.fr\/#breadcrumb\",\"itemListElement\":[{\"@type\":\"ListItem\",\"position\":1,\"name\":\"Accueil\",\"item\":\"https:\/\/lesvelosdelouest.fr\/\"},{\"@type\":\"ListItem\",\"position\":2,\"name\":\"Accueil\"}]},{\"@type\":\"WebSite\",\"@id\":\"https:\/\/lesvelosdelouest.fr\/#website\",\"url\":\"https:\/\/lesvelosdelouest.fr\/\",\"name\":\"Les v\u00e9los de l&#039;Ouest\",\"description\":\"Location de v\u00e9los \u00e0 Montalivet, Gironde\",\"publisher\":{\"@id\":\"https:\/\/lesvelosdelouest.fr\/#organization\"},\"potentialAction\":[{\"@type\":\"SearchAction\",\"target\":{\"@type\":\"EntryPoint\",\"urlTemplate\":\"https:\/\/lesvelosdelouest.fr\/?s={search_term_string}\"},\"query-input\":\"required name=search_term_string\"}],\"inLanguage\":\"en-GB\"},{\"@type\":\"Organization\",\"@id\":\"https:\/\/lesvelosdelouest.fr\/#organization\",\"name\":\"Les v\u00e9los de l'Ouest\",\"url\":\"https:\/\/lesvelosdelouest.fr\/\",\"logo\":{\"@type\":\"ImageObject\",\"inLanguage\":\"en-GB\",\"@id\":\"https:\/\/lesvelosdelouest.fr\/#\/schema\/logo\/image\/\",\"url\":\"https:\/\/lesvelosdelouest.fr\/wp-content\/uploads\/2021\/03\/logo-contact.png\",\"contentUrl\":\"https:\/\/lesvelosdelouest.fr\/wp-content\/uploads\/2021\/03\/logo-contact.png\",\"width\":301,\"height\":301,\"caption\":\"Les v\u00e9los de l'Ouest\"},\"image\":{\"@id\":\"https:\/\/lesvelosdelouest.fr\/#\/schema\/logo\/image\/\"},\"sameAs\":[\"https:\/\/www.facebook.com\/Les-V\u00e9los-de-lOuest-103625508488732\"]}]}<\/script>\n<!-- \/ Yoast SEO plugin. -->","yoast_head_json":{"title":"Accueil - Location de v\u00e9los \u00e0 Montalivet, Gironde - Les v\u00e9los de l&#039;Ouest","description":"Accueil - Location de v\u00e9los \u00e0 Montalivet. \u00c0 partir de 8\u20ac d\u00e9couvrez la Gironde \u00e0 v\u00e9lo en famille ou entre amis sur les pistes cyclables de la r\u00e9gion.","robots":{"index":"index","follow":"follow","max-snippet":"max-snippet:-1","max-image-preview":"max-image-preview:large","max-video-preview":"max-video-preview:-1"},"canonical":"https:\/\/lesvelosdelouest.fr\/en_uk\/","og_locale":"en_GB","og_type":"article","og_title":"Accueil - Location de v\u00e9los \u00e0 Montalivet, Gironde - Les v\u00e9los de l&#039;Ouest","og_description":"Accueil - Location de v\u00e9los \u00e0 Montalivet. \u00c0 partir de 8\u20ac d\u00e9couvrez la Gironde \u00e0 v\u00e9lo en famille ou entre amis sur les pistes cyclables de la r\u00e9gion.","og_url":"https:\/\/lesvelosdelouest.fr\/en_uk\/","og_site_name":"Les v\u00e9los de l&#039;Ouest","article_publisher":"https:\/\/www.facebook.com\/Les-V%c3%a9los-de-lOuest-103625508488732","article_modified_time":"2026-02-19T03:28:33+00:00","og_image":[{"width":301,"height":301,"url":"https:\/\/lesvelosdelouest.fr\/wp-content\/uploads\/2021\/03\/logo-contact.png","type":"image\/png"}],"twitter_card":"summary_large_image","schema":{"@context":"https:\/\/schema.org","@graph":[{"@type":"WebPage","@id":"https:\/\/lesvelosdelouest.fr\/","url":"https:\/\/lesvelosdelouest.fr\/","name":"Accueil - Location de v\u00e9los \u00e0 Montalivet, Gironde - Les v\u00e9los de l&#039;Ouest","isPartOf":{"@id":"https:\/\/lesvelosdelouest.fr\/#website"},"datePublished":"2021-03-17T18:56:16+00:00","dateModified":"2026-02-19T03:28:33+00:00","description":"Accueil - Location de v\u00e9los \u00e0 Montalivet. \u00c0 partir de 8\u20ac d\u00e9couvrez la Gironde \u00e0 v\u00e9lo en famille ou entre amis sur les pistes cyclables de la r\u00e9gion.","breadcrumb":{"@id":"https:\/\/lesvelosdelouest.fr\/#breadcrumb"},"inLanguage":"en-GB","potentialAction":[{"@type":"ReadAction","target":["https:\/\/lesvelosdelouest.fr\/"]}]},{"@type":"BreadcrumbList","@id":"https:\/\/lesvelosdelouest.fr\/#breadcrumb","itemListElement":[{"@type":"ListItem","position":1,"name":"Accueil","item":"https:\/\/lesvelosdelouest.fr\/"},{"@type":"ListItem","position":2,"name":"Accueil"}]},{"@type":"WebSite","@id":"https:\/\/lesvelosdelouest.fr\/#website","url":"https:\/\/lesvelosdelouest.fr\/","name":"Les v\u00e9los de l&#039;Ouest","description":"Location de v\u00e9los \u00e0 Montalivet, Gironde","publisher":{"@id":"https:\/\/lesvelosdelouest.fr\/#organization"},"potentialAction":[{"@type":"SearchAction","target":{"@type":"EntryPoint","urlTemplate":"https:\/\/lesvelosdelouest.fr\/?s={search_term_string}"},"query-input":"required name=search_term_string"}],"inLanguage":"en-GB"},{"@type":"Organization","@id":"https:\/\/lesvelosdelouest.fr\/#organization","name":"Les v\u00e9los de l'Ouest","url":"https:\/\/lesvelosdelouest.fr\/","logo":{"@type":"ImageObject","inLanguage":"en-GB","@id":"https:\/\/lesvelosdelouest.fr\/#\/schema\/logo\/image\/","url":"https:\/\/lesvelosdelouest.fr\/wp-content\/uploads\/2021\/03\/logo-contact.png","contentUrl":"https:\/\/lesvelosdelouest.fr\/wp-content\/uploads\/2021\/03\/logo-contact.png","width":301,"height":301,"caption":"Les v\u00e9los de l'Ouest"},"image":{"@id":"https:\/\/lesvelosdelouest.fr\/#\/schema\/logo\/image\/"},"sameAs":["https:\/\/www.facebook.com\/Les-V\u00e9los-de-lOuest-103625508488732"]}]}},"_links":{"self":[{"href":"https:\/\/lesvelosdelouest.fr\/en_uk\/wp-json\/wp\/v2\/pages\/13","targetHints":{"allow":["GET"]}}],"collection":[{"href":"https:\/\/lesvelosdelouest.fr\/en_uk\/wp-json\/wp\/v2\/pages"}],"about":[{"href":"https:\/\/lesvelosdelouest.fr\/en_uk\/wp-json\/wp\/v2\/types\/page"}],"author":[{"embeddable":true,"href":"https:\/\/lesvelosdelouest.fr\/en_uk\/wp-json\/wp\/v2\/users\/1"}],"replies":[{"embeddable":true,"href":"https:\/\/lesvelosdelouest.fr\/en_uk\/wp-json\/wp\/v2\/comments?post=13"}],"version-history":[{"count":168,"href":"https:\/\/lesvelosdelouest.fr\/en_uk\/wp-json\/wp\/v2\/pages\/13\/revisions"}],"predecessor-version":[{"id":770,"href":"https:\/\/lesvelosdelouest.fr\/en_uk\/wp-json\/wp\/v2\/pages\/13\/revisions\/770"}],"wp:attachment":[{"href":"https:\/\/lesvelosdelouest.fr\/en_uk\/wp-json\/wp\/v2\/media?parent=13"}],"curies":[{"name":"wp","href":"https:\/\/api.w.org\/{rel}","templated":true}]}}